{"id":2,"date":"2024-06-25T17:24:34","date_gmt":"2024-06-25T15:24:34","guid":{"rendered":"http:\/\/journal-positif.nicolas-caron.fr\/?page_id=2"},"modified":"2024-07-06T18:58:30","modified_gmt":"2024-07-06T16:58:30","slug":"page-d-exemple","status":"publish","type":"page","link":"https:\/\/journal-positif.nicolas-caron.fr\/index.php\/page-d-exemple\/","title":{"rendered":"\u00c0 propos"},"content":{"rendered":"\n<div class=\"wp-block-group alignwide superbthemes-navigation-004 is-layout-flow wp-block-group-is-layout-flow\" style=\"margin-top:0;margin-bottom:0\">\n<div class=\"wp-block-group alignfull superbthemes-navigation-004 is-layout-flow wp-block-group-is-layout-flow\" style=\"margin-top:0;margin-bottom:0\">\n<div class=\"wp-block-cover alignright is-light\" style=\"border-radius:11px;margin-top:0;margin-bottom:0;padding-top:var(--wp--preset--spacing--superbspacing-xxlarge);padding-right:var(--wp--preset--spacing--superbspacing-small);padding-bottom:var(--wp--preset--spacing--superbspacing-xxlarge);padding-left:var(--wp--preset--spacing--superbspacing-small)\"><span aria-hidden=\"true\" class=\"wp-block-cover__background has-primary-background-color has-background-dim-0 has-background-dim\"><\/span><img loading=\"lazy\" decoding=\"async\" width=\"1024\" height=\"1024\" class=\"wp-block-cover__image-background wp-image-121\" alt=\"\" src=\"https:\/\/journal-positif.nicolas-caron.fr\/wp-content\/uploads\/2024\/07\/f031082e-4852-4935-bae4-64a2cdb4aef2-1.jpeg\" data-object-fit=\"cover\" srcset=\"https:\/\/journal-positif.nicolas-caron.fr\/wp-content\/uploads\/2024\/07\/f031082e-4852-4935-bae4-64a2cdb4aef2-1.jpeg 1024w, https:\/\/journal-positif.nicolas-caron.fr\/wp-content\/uploads\/2024\/07\/f031082e-4852-4935-bae4-64a2cdb4aef2-1-300x300.jpeg 300w, https:\/\/journal-positif.nicolas-caron.fr\/wp-content\/uploads\/2024\/07\/f031082e-4852-4935-bae4-64a2cdb4aef2-1-150x150.jpeg 150w, https:\/\/journal-positif.nicolas-caron.fr\/wp-content\/uploads\/2024\/07\/f031082e-4852-4935-bae4-64a2cdb4aef2-1-768x768.jpeg 768w\" sizes=\"auto, (max-width: 1024px) 100vw, 1024px\" \/><div class=\"wp-block-cover__inner-container has-global-padding is-layout-constrained wp-container-core-cover-is-layout-c988a726 wp-block-cover-is-layout-constrained\">\n<p><\/p>\n<\/div><\/div>\n<\/div>\n<\/div>\n\n\n\n<p>Bienvenue sur notre site de nouvelles positives !<\/p>\n\n\n\n<p>Je m&rsquo;appelle Nicolas Caron et je suis le cr\u00e9ateur de ce site. Travaillant dans le domaine de l&rsquo;informatique, j&rsquo;ai toujours eu un int\u00e9r\u00eat particulier pour le d\u00e9veloppement personnel et le bien-\u00eatre des gens autour de moi. \u00c0 travers mon travail, j&rsquo;ai souvent \u00e9t\u00e9 confront\u00e9 \u00e0 des situations stressantes et \u00e0 une abondance de mauvaises nouvelles dans les m\u00e9dias.<\/p>\n\n\n\n<p>C&rsquo;est dans ce contexte que j&rsquo;ai ressenti le besoin de faire quelque chose de positif pour contrer cette n\u00e9gativit\u00e9 omnipr\u00e9sente. Fatigu\u00e9 des mauvaises nouvelles que l&rsquo;on entend quotidiennement, j&rsquo;ai d\u00e9cid\u00e9 de cr\u00e9er cet espace en ligne d\u00e9di\u00e9 uniquement aux nouvelles positives. Mon intention est de fournir une oasis de positivit\u00e9 et de bien-\u00eatre dans un monde souvent assombri par des \u00e9v\u00e9nements n\u00e9gatifs.<\/p>\n\n\n\n<p>Mon objectif est de vous offrir un moment de r\u00e9pit, de bonne humeur et de positivit\u00e9 \u00e0 travers les histoires et les nouvelles que vous trouverez ici. Que ce soit des r\u00e9cits inspirants, des d\u00e9couvertes scientifiques porteuses d&rsquo;espoir, des initiatives solidaires ou des succ\u00e8s personnels, chaque contenu est soigneusement s\u00e9lectionn\u00e9 pour vous apporter un sourire et de l&rsquo;optimisme.<\/p>\n\n\n\n<p>J&rsquo;esp\u00e8re sinc\u00e8rement que ce site contribuera \u00e0 \u00e9gayer votre journ\u00e9e et \u00e0 vous apporter un sourire. En cr\u00e9ant cet espace, je souhaite que vous puissiez vous d\u00e9tendre, vous ressourcer et repartir avec un \u00e9tat d&rsquo;esprit plus positif.<\/p>\n\n\n\n<p>Je vous souhaite une excellente visite et esp\u00e8re sinc\u00e8rement contribuer \u00e0 votre bonne humeur aujourd&rsquo;hui \ud83d\ude01 ! N&rsquo;h\u00e9sitez pas \u00e0 revenir r\u00e9guli\u00e8rement pour une dose quotidienne de bonnes nouvelles et de joie.<\/p>\n","protected":false},"excerpt":{"rendered":"<p>Bienvenue sur notre site de nouvelles positives ! Je m&rsquo;appelle Nicolas Caron et je suis le cr\u00e9ateur de ce site. Travaillant dans le domaine de l&rsquo;informatique, j&rsquo;ai toujours eu un int\u00e9r\u00eat particulier pour le d\u00e9veloppement personnel et le bien-\u00eatre des gens autour de moi. \u00c0 travers mon travail, j&rsquo;ai souvent \u00e9t\u00e9 confront\u00e9 \u00e0 des situations [&hellip;]<\/p>\n","protected":false},"author":1,"featured_media":0,"parent":0,"menu_order":0,"comment_status":"closed","ping_status":"open","template":"","meta":{"footnotes":""},"class_list":["post-2","page","type-page","status-publish","hentry"],"_links":{"self":[{"href":"https:\/\/journal-positif.nicolas-caron.fr\/index.php\/wp-json\/wp\/v2\/pages\/2","targetHints":{"allow":["GET"]}}],"collection":[{"href":"https:\/\/journal-positif.nicolas-caron.fr\/index.php\/wp-json\/wp\/v2\/pages"}],"about":[{"href":"https:\/\/journal-positif.nicolas-caron.fr\/index.php\/wp-json\/wp\/v2\/types\/page"}],"author":[{"embeddable":true,"href":"https:\/\/journal-positif.nicolas-caron.fr\/index.php\/wp-json\/wp\/v2\/users\/1"}],"replies":[{"embeddable":true,"href":"https:\/\/journal-positif.nicolas-caron.fr\/index.php\/wp-json\/wp\/v2\/comments?post=2"}],"version-history":[{"count":10,"href":"https:\/\/journal-positif.nicolas-caron.fr\/index.php\/wp-json\/wp\/v2\/pages\/2\/revisions"}],"predecessor-version":[{"id":124,"href":"https:\/\/journal-positif.nicolas-caron.fr\/index.php\/wp-json\/wp\/v2\/pages\/2\/revisions\/124"}],"wp:attachment":[{"href":"https:\/\/journal-positif.nicolas-caron.fr\/index.php\/wp-json\/wp\/v2\/media?parent=2"}],"curies":[{"name":"wp","href":"https:\/\/api.w.org\/{rel}","templated":true}]}}